{"id":85,"date":"2013-08-11T19:22:53","date_gmt":"2013-08-11T19:22:53","guid":{"rendered":"http:\/\/localhost:8888\/test\/?page_id=532"},"modified":"2024-02-16T13:50:50","modified_gmt":"2024-02-16T13:50:50","slug":"contact","status":"publish","type":"page","link":"https:\/\/www.reissaudio.com.tr\/?page_id=85","title":{"rendered":"\u0130leti\u015fim"},"content":{"rendered":"\n  <div id=\"page-header-1378641285\" class=\"page-header-wrapper\">\n  <div class=\"page-title dark featured-title\">\n\n    \n    <div class=\"page-title-inner container align-center flex-row medium-flex-wrap\" >\n              <div class=\"title-wrapper flex-col text-left medium-text-center\">\n          <h1 class=\"entry-title mb-0\">\n            \u0130leti\u015fim          <\/h1>\n        <\/div>\n                    <div class=\"title-content flex-col flex-right text-right medium-text-center\">\n        <div class=\"title-share pt-half pb-half\"><div class=\"social-icons share-icons share-row relative icon-style-outline\" ><a href=\"whatsapp:\/\/send?text=%C4%B0leti%C5%9Fim - https:\/\/www.reissaudio.com.tr\/?page_id=85\" data-action=\"share\/whatsapp\/share\" class=\"icon button circle is-outline tooltip whatsapp show-for-medium\" title=\"WhatsApp&#039; ta payla\u015f\" aria-label=\"WhatsApp&#039; ta payla\u015f\"><i class=\"icon-whatsapp\" aria-hidden=\"true\"><\/i><\/a><a href=\"https:\/\/www.facebook.com\/sharer.php?u=https:\/\/www.reissaudio.com.tr\/?page_id=85\" data-label=\"Facebook\" onclick=\"window.open(this.href,this.title,'width=500,height=500,top=300px,left=300px'); return false;\" target=\"_blank\" class=\"icon button circle is-outline tooltip facebook\" title=\"Facebook&#039; ta payla\u015f\" aria-label=\"Facebook&#039; ta payla\u015f\" rel=\"noopener nofollow\"><i class=\"icon-facebook\" aria-hidden=\"true\"><\/i><\/a><a href=\"https:\/\/twitter.com\/share?url=https:\/\/www.reissaudio.com.tr\/?page_id=85\" onclick=\"window.open(this.href,this.title,'width=500,height=500,top=300px,left=300px'); return false;\" target=\"_blank\" class=\"icon button circle is-outline tooltip twitter\" title=\"Twitter&#039; da payla\u015f\" aria-label=\"Twitter&#039; da payla\u015f\" rel=\"noopener nofollow\"><i class=\"icon-twitter\" aria-hidden=\"true\"><\/i><\/a><a href=\"mailto:?subject=%C4%B0leti%C5%9Fim&body=Buna%20bir%20g%C3%B6z%20at%3A%20https%3A%2F%2Fwww.reissaudio.com.tr%2F%3Fpage_id%3D85\" class=\"icon button circle is-outline tooltip email\" title=\"Arkada\u015f\u0131na e-posta ile g\u00f6nder\" aria-label=\"Arkada\u015f\u0131na e-posta ile g\u00f6nder\" rel=\"nofollow\"><i class=\"icon-envelop\" aria-hidden=\"true\"><\/i><\/a><a href=\"https:\/\/pinterest.com\/pin\/create\/button?url=https:\/\/www.reissaudio.com.tr\/?page_id=85&media&description=%C4%B0leti%C5%9Fim\" onclick=\"window.open(this.href,this.title,'width=500,height=500,top=300px,left=300px'); return false;\" target=\"_blank\" class=\"icon button circle is-outline tooltip pinterest\" title=\"Pinterest&#039; te pinle\" aria-label=\"Pinterest&#039; te pinle\" rel=\"noopener nofollow\"><i class=\"icon-pinterest\" aria-hidden=\"true\"><\/i><\/a><a href=\"https:\/\/www.linkedin.com\/shareArticle?mini=true&url=https:\/\/www.reissaudio.com.tr\/?page_id=85&title=%C4%B0leti%C5%9Fim\" onclick=\"window.open(this.href,this.title,'width=500,height=500,top=300px,left=300px'); return false;\" target=\"_blank\" class=\"icon button circle is-outline tooltip linkedin\" title=\"Linkedin&#039; de payla\u015f\" aria-label=\"Linkedin&#039; de payla\u015f\" rel=\"noopener nofollow\"><i class=\"icon-linkedin\" aria-hidden=\"true\"><\/i><\/a><\/div><\/div>      <\/div>\n    <\/div>\n\n       <\/div>\n    <\/div>\n  \n\n<div class=\"row show-for-small\"  id=\"row-1774454030\">\n\n\n\t<div id=\"col-691806448\" class=\"col large-12\"  >\n\t\t\t\t<div class=\"col-inner\"  >\n\t\t\t\n\t\t\t\n\n<div class=\"container section-title-container\" ><h3 class=\"section-title section-title-normal\"><b aria-hidden=\"true\"><\/b><span class=\"section-title-main\" >Bize Ula\u015f\u0131n<\/span><b aria-hidden=\"true\"><\/b><\/h3><\/div>\n\n\n<div class=\"wpcf7 no-js\" id=\"wpcf7-f11-o1\" lang=\"en-US\" dir=\"ltr\" data-wpcf7-id=\"11\">\n<div class=\"screen-reader-response\"><p role=\"status\" aria-live=\"polite\" aria-atomic=\"true\"><\/p> <ul><\/ul><\/div>\n<form action=\"\/index.php?rest_route=%2Fwp%2Fv2%2Fpages%2F85#wpcf7-f11-o1\" method=\"post\" class=\"wpcf7-form init\" aria-label=\"Contact form\" novalidate=\"novalidate\" data-status=\"init\">\n<fieldset class=\"hidden-fields-container\"><input type=\"hidden\" name=\"_wpcf7\" value=\"11\" \/><input type=\"hidden\" name=\"_wpcf7_version\" value=\"6.1.5\" \/><input type=\"hidden\" name=\"_wpcf7_locale\" value=\"en_US\" \/><input type=\"hidden\" name=\"_wpcf7_unit_tag\" value=\"wpcf7-f11-o1\" \/><input type=\"hidden\" name=\"_wpcf7_container_post\" value=\"0\" \/><input type=\"hidden\" name=\"_wpcf7_posted_data_hash\" value=\"\" \/><input type=\"hidden\" name=\"_wpcf7_recaptcha_response\" value=\"\" \/>\n<\/fieldset>\n<p><label>Ad\u0131n\u0131z<\/label><br \/>\n<span class=\"wpcf7-form-control-wrap\" data-name=\"your-name\"><input size=\"40\" maxlength=\"400\" class=\"wpcf7-form-control wpcf7-text wpcf7-validates-as-required\" aria-required=\"true\" aria-invalid=\"false\" value=\"\" type=\"text\" name=\"your-name\" \/><\/span>\n<\/p>\n<p><label>Telefon Numaran\u0131z<\/label><br \/>\n<span class=\"wpcf7-form-control-wrap\" data-name=\"tel-113\"><input size=\"40\" maxlength=\"400\" class=\"wpcf7-form-control wpcf7-tel wpcf7-validates-as-required wpcf7-text wpcf7-validates-as-tel\" aria-required=\"true\" aria-invalid=\"false\" value=\"\" type=\"tel\" name=\"tel-113\" \/><\/span>\n<\/p>\n<p><label>il <\/label><br \/>\n<span class=\"wpcf7-form-control-wrap\" data-name=\"ilmenu\"><select class=\"wpcf7-form-control wpcf7-select wpcf7-validates-as-required\" aria-required=\"true\" aria-invalid=\"false\" name=\"ilmenu\"><option value=\"\">&#8212;Please choose an option&#8212;<\/option><option value=\"01 Adana\">01 Adana<\/option><option value=\"02 Ad\u0131yaman\">02 Ad\u0131yaman<\/option><option value=\"03 Afyon\">03 Afyon<\/option><option value=\"04 A\u011fr\u0131\">04 A\u011fr\u0131<\/option><option value=\"05 Amasya\">05 Amasya<\/option><option value=\"06 Ankara\">06 Ankara<\/option><option value=\"07 Antalya\">07 Antalya<\/option><option value=\"08 Artvin\">08 Artvin<\/option><option value=\"09 Ayd\u0131n\">09 Ayd\u0131n<\/option><option value=\"10 Bal\u0131kesir\">10 Bal\u0131kesir<\/option><option value=\"11 Bilecik\">11 Bilecik<\/option><option value=\"12 Bing\u00f6l\">12 Bing\u00f6l<\/option><option value=\"13 Bitlis\">13 Bitlis<\/option><option value=\"14 Bolu\">14 Bolu<\/option><option value=\"15 Burdur\">15 Burdur<\/option><option value=\"16 Bursa\">16 Bursa<\/option><option value=\"17 \u00c7anakkale\">17 \u00c7anakkale<\/option><option value=\"18 \u00c7ank\u0131r\u0131\">18 \u00c7ank\u0131r\u0131<\/option><option value=\"19 \u00c7orum\">19 \u00c7orum<\/option><option value=\"20 Denizli\">20 Denizli<\/option><option value=\"21 Diyarbak\u0131r\">21 Diyarbak\u0131r<\/option><option value=\"22 Edirne\">22 Edirne<\/option><option value=\"23 Elaz\u0131\u011f\">23 Elaz\u0131\u011f<\/option><option value=\"24 Erzincan\">24 Erzincan<\/option><option value=\"25 Erzurum\">25 Erzurum<\/option><option value=\"26 Eski\u015fehir\">26 Eski\u015fehir<\/option><option value=\"27 Gaziantep\">27 Gaziantep<\/option><option value=\"28 Giresun\">28 Giresun<\/option><option value=\"29 G\u00fcm\u00fc\u015fhane\">29 G\u00fcm\u00fc\u015fhane<\/option><option value=\"30 Hakkari\">30 Hakkari<\/option><option value=\"31 Hatay\">31 Hatay<\/option><option value=\"32 Isparta\">32 Isparta<\/option><option value=\"33 \u0130\u00e7el (Mersin)\">33 \u0130\u00e7el (Mersin)<\/option><option value=\"34 \u0130stanbul\">34 \u0130stanbul<\/option><option value=\"35 \u0130zmir\">35 \u0130zmir<\/option><option value=\"36 Kars\">36 Kars<\/option><option value=\"37 Kastamonu\">37 Kastamonu<\/option><option value=\"38 Kayseri\">38 Kayseri<\/option><option value=\"39 K\u0131rklareli\">39 K\u0131rklareli<\/option><option value=\"40 K\u0131r\u015fehir\">40 K\u0131r\u015fehir<\/option><option value=\"41 Kocaeli\">41 Kocaeli<\/option><option value=\"42 Konya\">42 Konya<\/option><option value=\"43 K\u00fctahya\">43 K\u00fctahya<\/option><option value=\"44 Malatya\">44 Malatya<\/option><option value=\"45 Manisa\">45 Manisa<\/option><option value=\"46 K.mara\u015f\">46 K.mara\u015f<\/option><option value=\"47 Mardin\">47 Mardin<\/option><option value=\"48 Mu\u011fla\">48 Mu\u011fla<\/option><option value=\"49 Mu\u015f\">49 Mu\u015f<\/option><option value=\"50 Nev\u015fehir\">50 Nev\u015fehir<\/option><option value=\"51 Ni\u011fde\">51 Ni\u011fde<\/option><option value=\"52 Ordu\">52 Ordu<\/option><option value=\"53 Rize\">53 Rize<\/option><option value=\"54 Sakarya\">54 Sakarya<\/option><option value=\"55 Samsun\">55 Samsun<\/option><option value=\"56 Siirt\">56 Siirt<\/option><option value=\"57 Sinop\">57 Sinop<\/option><option value=\"58 Sivas\">58 Sivas<\/option><option value=\"59 Tekirda\u011f\">59 Tekirda\u011f<\/option><option value=\"60 Tokat\">60 Tokat<\/option><option value=\"61 Trabzon\">61 Trabzon<\/option><option value=\"62 Tunceli\">62 Tunceli<\/option><option value=\"63 \u015eanl\u0131urfa\">63 \u015eanl\u0131urfa<\/option><option value=\"64 U\u015fak\">64 U\u015fak<\/option><option value=\"65 Van\">65 Van<\/option><option value=\"66 Yozgat\">66 Yozgat<\/option><option value=\"67 Zonguldak\">67 Zonguldak<\/option><option value=\"68 Aksaray\">68 Aksaray<\/option><option value=\"69 Bayburt\">69 Bayburt<\/option><option value=\"70 Karaman\">70 Karaman<\/option><option value=\"71 K\u0131r\u0131kkale\">71 K\u0131r\u0131kkale<\/option><option value=\"72 Batman\">72 Batman<\/option><option value=\"73 \u015e\u0131rnak\">73 \u015e\u0131rnak<\/option><option value=\"74 Bart\u0131n\">74 Bart\u0131n<\/option><option value=\"75 Ardahan\">75 Ardahan<\/option><option value=\"76 I\u011fd\u0131r\">76 I\u011fd\u0131r<\/option><option value=\"77 Yalova\">77 Yalova<\/option><option value=\"78 Karab\u00fck\">78 Karab\u00fck<\/option><option value=\"79 Kilis\">79 Kilis<\/option><option value=\"80 Osmaniye\">80 Osmaniye<\/option><option value=\"81 D\u00fczce\">81 D\u00fczce<\/option><\/select><\/span>\n<\/p>\n<p><label>il\u00e7e <\/label><br \/>\n<span class=\"wpcf7-form-control-wrap\" data-name=\"text-ile\"><input size=\"40\" maxlength=\"400\" class=\"wpcf7-form-control wpcf7-text\" aria-invalid=\"false\" value=\"\" type=\"text\" name=\"text-ile\" \/><\/span>\n<\/p>\n<p><label>Email ADRES\u0130N\u0130Z<\/label><br \/>\n<span class=\"wpcf7-form-control-wrap\" data-name=\"your-email\"><input size=\"40\" maxlength=\"400\" class=\"wpcf7-form-control wpcf7-email wpcf7-validates-as-required wpcf7-text wpcf7-validates-as-email\" aria-required=\"true\" aria-invalid=\"false\" value=\"\" type=\"email\" name=\"your-email\" \/><\/span>\n<\/p>\n<p><label>Konu<\/label><br \/>\n<span class=\"wpcf7-form-control-wrap\" data-name=\"your-message\"><textarea cols=\"40\" rows=\"10\" maxlength=\"2000\" class=\"wpcf7-form-control wpcf7-textarea\" aria-invalid=\"false\" name=\"your-message\"><\/textarea><\/span>\n<\/p>\n\n<p><input class=\"wpcf7-form-control wpcf7-submit has-spinner button\" type=\"submit\" value=\"G\u00f6nder\" \/>\n<\/p><div class=\"wpcf7-response-output\" aria-hidden=\"true\"><\/div>\n<\/form>\n<\/div>\n\n\n<p>En k\u0131sa s\u00fcrede size geri d\u00f6n\u00fc\u015f yapaca\u011f\u0131z\u2026<\/p>\n\n\t\t<\/div>\n\t\t\t\t\t<\/div>\n\n\t\n\n<\/div>\n\n\t<section class=\"section dark\" id=\"section_692625036\">\n\t\t<div class=\"section-bg fill\" >\n\t\t\t\t\t\t\t\t\t\n\t\t\t\n\n\t\t<\/div>\n\n\t\t\n\n\t\t<div class=\"section-content relative\">\n\t\t\t\n\n<div class=\"row row-full-width row-solid\"  id=\"row-355039079\">\n\n\n\t<div id=\"col-210410794\" class=\"col medium-4 small-12 large-4\"  >\n\t\t\t\t<div class=\"col-inner\"  >\n\t\t\t\n\t\t\t\n\n<h3 class=\"widget-title\">Merkez Servis ve Fabrika<\/h3>\n<ul class=\"contact-list\">\n<li>\n<h5>Telefon\u00a0 +90 212 447 02 02<\/h5>\n<\/li>\n<li>Adres\u00a0 \u00a0Mahmutbey Mah. K\u00fc\u00e7\u00fck Halkal\u0131 Cad.No:9<br \/>Ba\u011fc\u0131lar &#8211; \u0130stanbul<\/li>\n<\/ul>\n<p><iframe loading=\"lazy\" style=\"border: 0;\" src=\"https:\/\/www.google.com\/maps\/embed?pb=!1m18!1m12!1m3!1d1504.3717001864004!2d28.819639140220985!3d41.05274018271639!2m3!1f0!2f0!3f0!3m2!1i1024!2i768!4f13.1!3m3!1m2!1s0x14caa50c59401777%3A0xa0c63a730a4a0792!2sReis%20Elektronik%20A.%C5%9E!5e0!3m2!1sen!2str!4v1700132757464!5m2!1sen!2str\" width=\"100%\" height=\"400\" allowfullscreen=\"allowfullscreen\"><\/iframe><\/p>\n\n\t\t<\/div>\n\t\t\t\t\t<\/div>\n\n\t\n\n\t<div id=\"col-592999865\" class=\"col medium-4 small-12 large-4\"  >\n\t\t\t\t<div class=\"col-inner\"  >\n\t\t\t\n\t\t\t\n\n<h3 class=\"widget-title\">Merkez Ofis<\/h3>\n<ul class=\"contact-list\">\n<li>\n<h5>Telefon\u00a0 \u00a0+90 212 659 63 20<\/h5>\n<\/li>\n<li>Adres\u00a0 \u0130sto\u00e7 Toptanc\u0131lar \u00c7ar\u015f\u0131s\u0131 15. Ada No:1-3-5-7<br \/>Ba\u011fc\u0131lar &#8211; \u0130stanbul<\/li>\n<\/ul>\n<p><iframe loading=\"lazy\" style=\"border: 0;\" src=\"https:\/\/www.google.com\/maps\/embed?pb=!1m18!1m12!1m3!1d24068.74039304883!2d28.824904395716224!3d41.05603857027162!2m3!1f0!2f0!3f0!3m2!1i1024!2i768!4f13.1!3m3!1m2!1s0x14caa53e07e528c5%3A0x56aadf92a8a1803a!2sReis%20Elektronik%20A.%C5%9E!5e0!3m2!1sen!2str!4v1700132929455!5m2!1sen!2str\" width=\"100%\" height=\"400\" allowfullscreen=\"allowfullscreen\"><\/iframe><\/p>\n\n\t\t<\/div>\n\t\t\t\t\t<\/div>\n\n\t\n\n\t<div id=\"col-1964376643\" class=\"col medium-4 small-12 large-4\"  >\n\t\t\t\t<div class=\"col-inner\"  >\n\t\t\t\n\t\t\t\n\n<h3 class=\"widget-title\">Antalya<\/h3>\n<ul class=\"contact-list\">\n<li>\n<h5>Telefon\u00a0 \u00a0+90 242 322 14 61<\/h5>\n<\/li>\n<li>Adres Sinan Mahallesi Cebesoy Caddesi84\/A<br \/>Muratpa\u015fa &#8211; Antalya<\/li>\n<\/ul>\n<p><iframe src=\"https:\/\/www.google.com\/maps\/embed?pb=!1m18!1m12!1m3!1d199.46355866043663!2d30.71361185672681!3d36.8803727765358!2m3!1f0!2f0!3f0!3m2!1i1024!2i768!4f13.1!3m3!1m2!1s0x14c39aa84188fadb%3A0x94922d5788fb80a2!2sReis%20Elektronik%20A.%C5%9E!5e0!3m2!1sen!2str!4v1700133110723!5m2!1sen!2str\" width=\"100%\" height=\"400\" style=\"border:0;\" allowfullscreen=\"\" loading=\"lazy\" referrerpolicy=\"no-referrer-when-downgrade\"><\/iframe><\/p>\n\n\t\t<\/div>\n\t\t\t\t\t<\/div>\n\n\t\n\n<\/div>\n<div class=\"row row-full-width\"  id=\"row-2045495776\">\n\n\n\t<div id=\"col-1840745064\" class=\"col medium-2 small-12 large-2\"  >\n\t\t\t\t<div class=\"col-inner\"  >\n\t\t\t\n\t\t\t\n\n\t<div class=\"img has-hover x md-x lg-x y md-y lg-y\" id=\"image_1332773644\">\n\t\t\t\t\t\t\t\t<div class=\"img-inner dark\" >\n\t\t\t<img loading=\"lazy\" decoding=\"async\" width=\"300\" height=\"139\" src=\"https:\/\/www.reissaudio.com.tr\/wp-content\/uploads\/2024\/02\/Aras_Cargo-logo-3DBF0CCAFA-seeklogo.com_.png\" class=\"attachment-large size-large\" alt=\"\" \/>\t\t\t\t\t\t\n\t\t\t\t\t<\/div>\n\t\t\t\t\t\t\t\t\n<style>\n#image_1332773644 {\n  width: 63%;\n}\n<\/style>\n\t<\/div>\n\t\n\n\n\t\t<\/div>\n\t\t\t\t\t<\/div>\n\n\t\n\n\t<div id=\"col-1251576983\" class=\"col medium-2 small-12 large-2\"  >\n\t\t\t\t<div class=\"col-inner\"  >\n\t\t\t\n\t\t\t\n\n<p>\u00dcr\u00fcn g\u00f6nderimi<br \/>sadece Aras Kargo<br \/>\u00fczerinden yap\u0131lacakt\u0131r.<br \/>Anla\u015fma No<br \/>76000015898<\/p>\n\n\t\t<\/div>\n\t\t\t\t\t<\/div>\n\n\t\n\n<\/div>\n\n\t\t<\/div>\n\n\t\t\n<style>\n#section_692625036 {\n  padding-top: 30px;\n  padding-bottom: 30px;\n  background-color: rgb(40, 40, 40);\n}\n<\/style>\n\t<\/section>\n\t\n<div class=\"row hide-for-medium\"  id=\"row-104172984\">\n\n\n\t<div id=\"col-591793864\" class=\"col large-12\"  >\n\t\t\t\t<div class=\"col-inner\"  >\n\t\t\t\n\t\t\t\n\n<div class=\"container section-title-container\" ><h3 class=\"section-title section-title-normal\"><b aria-hidden=\"true\"><\/b><span class=\"section-title-main\" >Bize Ula\u015f\u0131n<\/span><b aria-hidden=\"true\"><\/b><\/h3><\/div>\n\n\n<div class=\"wpcf7 no-js\" id=\"wpcf7-f11-o2\" lang=\"en-US\" dir=\"ltr\" data-wpcf7-id=\"11\">\n<div class=\"screen-reader-response\"><p role=\"status\" aria-live=\"polite\" aria-atomic=\"true\"><\/p> <ul><\/ul><\/div>\n<form action=\"\/index.php?rest_route=%2Fwp%2Fv2%2Fpages%2F85#wpcf7-f11-o2\" method=\"post\" class=\"wpcf7-form init\" aria-label=\"Contact form\" novalidate=\"novalidate\" data-status=\"init\">\n<fieldset class=\"hidden-fields-container\"><input type=\"hidden\" name=\"_wpcf7\" value=\"11\" \/><input type=\"hidden\" name=\"_wpcf7_version\" value=\"6.1.5\" \/><input type=\"hidden\" name=\"_wpcf7_locale\" value=\"en_US\" \/><input type=\"hidden\" name=\"_wpcf7_unit_tag\" value=\"wpcf7-f11-o2\" \/><input type=\"hidden\" name=\"_wpcf7_container_post\" value=\"0\" \/><input type=\"hidden\" name=\"_wpcf7_posted_data_hash\" value=\"\" \/><input type=\"hidden\" name=\"_wpcf7_recaptcha_response\" value=\"\" \/>\n<\/fieldset>\n<p><label>Ad\u0131n\u0131z<\/label><br \/>\n<span class=\"wpcf7-form-control-wrap\" data-name=\"your-name\"><input size=\"40\" maxlength=\"400\" class=\"wpcf7-form-control wpcf7-text wpcf7-validates-as-required\" aria-required=\"true\" aria-invalid=\"false\" value=\"\" type=\"text\" name=\"your-name\" \/><\/span>\n<\/p>\n<p><label>Telefon Numaran\u0131z<\/label><br \/>\n<span class=\"wpcf7-form-control-wrap\" data-name=\"tel-113\"><input size=\"40\" maxlength=\"400\" class=\"wpcf7-form-control wpcf7-tel wpcf7-validates-as-required wpcf7-text wpcf7-validates-as-tel\" aria-required=\"true\" aria-invalid=\"false\" value=\"\" type=\"tel\" name=\"tel-113\" \/><\/span>\n<\/p>\n<p><label>il <\/label><br \/>\n<span class=\"wpcf7-form-control-wrap\" data-name=\"ilmenu\"><select class=\"wpcf7-form-control wpcf7-select wpcf7-validates-as-required\" aria-required=\"true\" aria-invalid=\"false\" name=\"ilmenu\"><option value=\"\">&#8212;Please choose an option&#8212;<\/option><option value=\"01 Adana\">01 Adana<\/option><option value=\"02 Ad\u0131yaman\">02 Ad\u0131yaman<\/option><option value=\"03 Afyon\">03 Afyon<\/option><option value=\"04 A\u011fr\u0131\">04 A\u011fr\u0131<\/option><option value=\"05 Amasya\">05 Amasya<\/option><option value=\"06 Ankara\">06 Ankara<\/option><option value=\"07 Antalya\">07 Antalya<\/option><option value=\"08 Artvin\">08 Artvin<\/option><option value=\"09 Ayd\u0131n\">09 Ayd\u0131n<\/option><option value=\"10 Bal\u0131kesir\">10 Bal\u0131kesir<\/option><option value=\"11 Bilecik\">11 Bilecik<\/option><option value=\"12 Bing\u00f6l\">12 Bing\u00f6l<\/option><option value=\"13 Bitlis\">13 Bitlis<\/option><option value=\"14 Bolu\">14 Bolu<\/option><option value=\"15 Burdur\">15 Burdur<\/option><option value=\"16 Bursa\">16 Bursa<\/option><option value=\"17 \u00c7anakkale\">17 \u00c7anakkale<\/option><option value=\"18 \u00c7ank\u0131r\u0131\">18 \u00c7ank\u0131r\u0131<\/option><option value=\"19 \u00c7orum\">19 \u00c7orum<\/option><option value=\"20 Denizli\">20 Denizli<\/option><option value=\"21 Diyarbak\u0131r\">21 Diyarbak\u0131r<\/option><option value=\"22 Edirne\">22 Edirne<\/option><option value=\"23 Elaz\u0131\u011f\">23 Elaz\u0131\u011f<\/option><option value=\"24 Erzincan\">24 Erzincan<\/option><option value=\"25 Erzurum\">25 Erzurum<\/option><option value=\"26 Eski\u015fehir\">26 Eski\u015fehir<\/option><option value=\"27 Gaziantep\">27 Gaziantep<\/option><option value=\"28 Giresun\">28 Giresun<\/option><option value=\"29 G\u00fcm\u00fc\u015fhane\">29 G\u00fcm\u00fc\u015fhane<\/option><option value=\"30 Hakkari\">30 Hakkari<\/option><option value=\"31 Hatay\">31 Hatay<\/option><option value=\"32 Isparta\">32 Isparta<\/option><option value=\"33 \u0130\u00e7el (Mersin)\">33 \u0130\u00e7el (Mersin)<\/option><option value=\"34 \u0130stanbul\">34 \u0130stanbul<\/option><option value=\"35 \u0130zmir\">35 \u0130zmir<\/option><option value=\"36 Kars\">36 Kars<\/option><option value=\"37 Kastamonu\">37 Kastamonu<\/option><option value=\"38 Kayseri\">38 Kayseri<\/option><option value=\"39 K\u0131rklareli\">39 K\u0131rklareli<\/option><option value=\"40 K\u0131r\u015fehir\">40 K\u0131r\u015fehir<\/option><option value=\"41 Kocaeli\">41 Kocaeli<\/option><option value=\"42 Konya\">42 Konya<\/option><option value=\"43 K\u00fctahya\">43 K\u00fctahya<\/option><option value=\"44 Malatya\">44 Malatya<\/option><option value=\"45 Manisa\">45 Manisa<\/option><option value=\"46 K.mara\u015f\">46 K.mara\u015f<\/option><option value=\"47 Mardin\">47 Mardin<\/option><option value=\"48 Mu\u011fla\">48 Mu\u011fla<\/option><option value=\"49 Mu\u015f\">49 Mu\u015f<\/option><option value=\"50 Nev\u015fehir\">50 Nev\u015fehir<\/option><option value=\"51 Ni\u011fde\">51 Ni\u011fde<\/option><option value=\"52 Ordu\">52 Ordu<\/option><option value=\"53 Rize\">53 Rize<\/option><option value=\"54 Sakarya\">54 Sakarya<\/option><option value=\"55 Samsun\">55 Samsun<\/option><option value=\"56 Siirt\">56 Siirt<\/option><option value=\"57 Sinop\">57 Sinop<\/option><option value=\"58 Sivas\">58 Sivas<\/option><option value=\"59 Tekirda\u011f\">59 Tekirda\u011f<\/option><option value=\"60 Tokat\">60 Tokat<\/option><option value=\"61 Trabzon\">61 Trabzon<\/option><option value=\"62 Tunceli\">62 Tunceli<\/option><option value=\"63 \u015eanl\u0131urfa\">63 \u015eanl\u0131urfa<\/option><option value=\"64 U\u015fak\">64 U\u015fak<\/option><option value=\"65 Van\">65 Van<\/option><option value=\"66 Yozgat\">66 Yozgat<\/option><option value=\"67 Zonguldak\">67 Zonguldak<\/option><option value=\"68 Aksaray\">68 Aksaray<\/option><option value=\"69 Bayburt\">69 Bayburt<\/option><option value=\"70 Karaman\">70 Karaman<\/option><option value=\"71 K\u0131r\u0131kkale\">71 K\u0131r\u0131kkale<\/option><option value=\"72 Batman\">72 Batman<\/option><option value=\"73 \u015e\u0131rnak\">73 \u015e\u0131rnak<\/option><option value=\"74 Bart\u0131n\">74 Bart\u0131n<\/option><option value=\"75 Ardahan\">75 Ardahan<\/option><option value=\"76 I\u011fd\u0131r\">76 I\u011fd\u0131r<\/option><option value=\"77 Yalova\">77 Yalova<\/option><option value=\"78 Karab\u00fck\">78 Karab\u00fck<\/option><option value=\"79 Kilis\">79 Kilis<\/option><option value=\"80 Osmaniye\">80 Osmaniye<\/option><option value=\"81 D\u00fczce\">81 D\u00fczce<\/option><\/select><\/span>\n<\/p>\n<p><label>il\u00e7e <\/label><br \/>\n<span class=\"wpcf7-form-control-wrap\" data-name=\"text-ile\"><input size=\"40\" maxlength=\"400\" class=\"wpcf7-form-control wpcf7-text\" aria-invalid=\"false\" value=\"\" type=\"text\" name=\"text-ile\" \/><\/span>\n<\/p>\n<p><label>Email ADRES\u0130N\u0130Z<\/label><br \/>\n<span class=\"wpcf7-form-control-wrap\" data-name=\"your-email\"><input size=\"40\" maxlength=\"400\" class=\"wpcf7-form-control wpcf7-email wpcf7-validates-as-required wpcf7-text wpcf7-validates-as-email\" aria-required=\"true\" aria-invalid=\"false\" value=\"\" type=\"email\" name=\"your-email\" \/><\/span>\n<\/p>\n<p><label>Konu<\/label><br \/>\n<span class=\"wpcf7-form-control-wrap\" data-name=\"your-message\"><textarea cols=\"40\" rows=\"10\" maxlength=\"2000\" class=\"wpcf7-form-control wpcf7-textarea\" aria-invalid=\"false\" name=\"your-message\"><\/textarea><\/span>\n<\/p>\n\n<p><input class=\"wpcf7-form-control wpcf7-submit has-spinner button\" type=\"submit\" value=\"G\u00f6nder\" \/>\n<\/p><div class=\"wpcf7-response-output\" aria-hidden=\"true\"><\/div>\n<\/form>\n<\/div>\n\n\n\n\t\t<\/div>\n\t\t\t\t\t<\/div>\n\n\t\n\n<\/div>\n\n","protected":false},"excerpt":{"rendered":"","protected":false},"author":1,"featured_media":0,"parent":0,"menu_order":0,"comment_status":"closed","ping_status":"closed","template":"page-blank.php","meta":{"footnotes":""},"class_list":["post-85","page","type-page","status-publish","hentry"],"_links":{"self":[{"href":"https:\/\/www.reissaudio.com.tr\/index.php?rest_route=\/wp\/v2\/pages\/85","targetHints":{"allow":["GET"]}}],"collection":[{"href":"https:\/\/www.reissaudio.com.tr\/index.php?rest_route=\/wp\/v2\/pages"}],"about":[{"href":"https:\/\/www.reissaudio.com.tr\/index.php?rest_route=\/wp\/v2\/types\/page"}],"author":[{"embeddable":true,"href":"https:\/\/www.reissaudio.com.tr\/index.php?rest_route=\/wp\/v2\/users\/1"}],"replies":[{"embeddable":true,"href":"https:\/\/www.reissaudio.com.tr\/index.php?rest_route=%2Fwp%2Fv2%2Fcomments&post=85"}],"version-history":[{"count":0,"href":"https:\/\/www.reissaudio.com.tr\/index.php?rest_route=\/wp\/v2\/pages\/85\/revisions"}],"wp:attachment":[{"href":"https:\/\/www.reissaudio.com.tr\/index.php?rest_route=%2Fwp%2Fv2%2Fmedia&parent=85"}],"curies":[{"name":"wp","href":"https:\/\/api.w.org\/{rel}","templated":true}]}}