{"id":1039,"date":"2019-09-02T06:47:25","date_gmt":"2019-09-02T06:47:25","guid":{"rendered":"http:\/\/www.reissaudio.site\/?post_type=product&#038;p=1039"},"modified":"2023-01-31T07:29:56","modified_gmt":"2023-01-31T07:29:56","slug":"rs-d16000-1","status":"publish","type":"product","link":"https:\/\/www.reissaudio.com.tr\/?product=rs-d16000-1","title":{"rendered":"RS-D16000.1"},"content":{"rendered":"<div class=\"row\"  id=\"row-642056523\">\n\n\t<div id=\"col-1430197177\" class=\"col small-12 large-12\"  data-animate=\"bounceIn\">\n\t\t\t\t<div class=\"col-inner box-shadow-3-hover\"  >\n\t\t\t\n\t\t\t\n\n\t<a class=\"plain\" href=\"https:\/\/reissaudio.com.tr\/wp-content\/uploads\/2019\/09\/RS-D16000.1.pdf\" target=\"_blank\" rel=\"noopener\" >\t<div class=\"icon-box featured-box icon-box-left text-left\"  style=\"margin:0px 0px 0px 15px;\">\n\t\t\t\t\t<div class=\"icon-box-img\" style=\"width: 30px\">\n\t\t\t\t<div class=\"icon\">\n\t\t\t\t\t<div class=\"icon-inner\" >\n\t\t\t\t\t\t<img loading=\"lazy\" decoding=\"async\" width=\"100\" height=\"123\" src=\"https:\/\/www.reissaudio.com.tr\/wp-content\/uploads\/2023\/01\/pdf-icon.webp\" class=\"attachment-medium size-medium\" alt=\"\" \/>\t\t\t\t\t<\/div>\n\t\t\t\t<\/div>\n\t\t\t<\/div>\n\t\t\t\t<div class=\"icon-box-text last-reset\">\n\t\t\t\t\t\t\t\t\t\n\t<div id=\"text-2181599220\" class=\"text\">\n\t\t\n<h3>Kullan\u0131m K\u0131lavuzu<\/h3>\n\t\t\n<style>\n#text-2181599220 {\n  line-height: 2.6;\n}\n<\/style>\n\t<\/div>\n\t\n\t\t<\/div>\n\t<\/div>\n\t<\/a>\n\t\n\t\t<\/div>\n\t\t\t\t\n<style>\n#col-1430197177 > .col-inner {\n  border-radius: 27px;\n}\n<\/style>\n\t<\/div>\n\n\t\n<\/div>\n\u00c7\u0131k\u0131\u015f g\u00fcc\u00fc @ 12.4V<\/p>\n<p>4 OHM Mono: RMS 10000 W<\/p>\n<p>2 OHM Mono :RMS 14000 W<\/p>\n<p>1 OHM Mono: RMS 20000 W<\/p>\n<p>Sar\u0131l\u0131 g\u00fc\u00e7: 12.4 V -2 Ohm 32000 W<\/p>\n<p>Sinyal\/g\u00fcr\u00fclt\u00fc oran\u0131: 100 dB<\/p>\n<p>D\u00fc\u015f\u00fck ge\u00e7i\u015f frekans crossover: 30 Hz-250Hz 3<\/p>\n<p>Subsonic filtre: 10 Hz-70Hz<\/p>\n<p>Bass boost: 0-12 dB<\/p>\n<p>Bass boost frekans: 30 Hz-90Hz<\/p>\n<p>Faz ge\u00e7i\u015f kontrol\u00fc: 0-180 derece<\/p>\n<p>Frekans tepkisi: 10 Hz-350Hz<\/p>\n<p>T.H.D @ 4 OHM, 100 Hz: % 0.15<\/p>\n<p>Verimlilik: % 90<\/p>\n<p>Giri\u015f hassasiyeti: 10V-200mV<\/p>\n<p>Kullan\u0131m voltaj\u0131 DC: 8.5V-18V<\/p>\n","protected":false},"excerpt":{"rendered":"<p>4 OHM Mono: RMS 10000 W<\/p>\n<p>2 OHM Mono :RMS 14000 W<\/p>\n<p>1 OHM Mono: RMS 20000 W<\/p>\n","protected":false},"featured_media":1042,"comment_status":"open","ping_status":"closed","template":"","meta":[],"product_brand":[],"product_cat":[202],"product_tag":[],"class_list":{"0":"post-1039","1":"product","2":"type-product","3":"status-publish","4":"has-post-thumbnail","6":"product_cat-arsiv","7":"pa_kanal-mono","8":"pa_seri-rs","9":"pa_sinif-dsp","10":"pa_tip-digital","12":"first","13":"instock","14":"taxable","15":"shipping-taxable","16":"product-type-simple"},"_links":{"self":[{"href":"https:\/\/www.reissaudio.com.tr\/index.php?rest_route=\/wp\/v2\/product\/1039","targetHints":{"allow":["GET"]}}],"collection":[{"href":"https:\/\/www.reissaudio.com.tr\/index.php?rest_route=\/wp\/v2\/product"}],"about":[{"href":"https:\/\/www.reissaudio.com.tr\/index.php?rest_route=\/wp\/v2\/types\/product"}],"replies":[{"embeddable":true,"href":"https:\/\/www.reissaudio.com.tr\/index.php?rest_route=%2Fwp%2Fv2%2Fcomments&post=1039"}],"wp:featuredmedia":[{"embeddable":true,"href":"https:\/\/www.reissaudio.com.tr\/index.php?rest_route=\/wp\/v2\/media\/1042"}],"wp:attachment":[{"href":"https:\/\/www.reissaudio.com.tr\/index.php?rest_route=%2Fwp%2Fv2%2Fmedia&parent=1039"}],"wp:term":[{"taxonomy":"product_brand","embeddable":true,"href":"https:\/\/www.reissaudio.com.tr\/index.php?rest_route=%2Fwp%2Fv2%2Fproduct_brand&post=1039"},{"taxonomy":"product_cat","embeddable":true,"href":"https:\/\/www.reissaudio.com.tr\/index.php?rest_route=%2Fwp%2Fv2%2Fproduct_cat&post=1039"},{"taxonomy":"product_tag","embeddable":true,"href":"https:\/\/www.reissaudio.com.tr\/index.php?rest_route=%2Fwp%2Fv2%2Fproduct_tag&post=1039"}],"curies":[{"name":"wp","href":"https:\/\/api.w.org\/{rel}","templated":true}]}}