{"id":1055,"date":"2019-09-02T06:52:04","date_gmt":"2019-09-02T06:52:04","guid":{"rendered":"http:\/\/www.reissaudio.site\/?post_type=product&#038;p=1055"},"modified":"2023-02-03T05:33:00","modified_gmt":"2023-02-03T05:33:00","slug":"rs-d3800-1","status":"publish","type":"product","link":"https:\/\/www.reissaudio.com.tr\/?product=rs-d3800-1","title":{"rendered":"RS-D3800.1"},"content":{"rendered":"<div class=\"row\"  id=\"row-1238272159\">\n\n\t<div id=\"col-524523659\" class=\"col small-12 large-12\"  data-animate=\"bounceIn\">\n\t\t\t\t<div class=\"col-inner box-shadow-3-hover\"  >\n\t\t\t\n\t\t\t\n\n\t<a class=\"plain\" href=\"https:\/\/reissaudio.com.tr\/wp-content\/uploads\/2019\/09\/RS-D3800.1.pdf\" target=\"_blank\" rel=\"noopener\" >\t<div class=\"icon-box featured-box icon-box-left text-left\"  style=\"margin:0px 0px 0px 15px;\">\n\t\t\t\t\t<div class=\"icon-box-img\" style=\"width: 30px\">\n\t\t\t\t<div class=\"icon\">\n\t\t\t\t\t<div class=\"icon-inner\" >\n\t\t\t\t\t\t<img loading=\"lazy\" decoding=\"async\" width=\"100\" height=\"123\" src=\"https:\/\/www.reissaudio.com.tr\/wp-content\/uploads\/2023\/01\/pdf-icon.webp\" class=\"attachment-medium size-medium\" alt=\"\" \/>\t\t\t\t\t<\/div>\n\t\t\t\t<\/div>\n\t\t\t<\/div>\n\t\t\t\t<div class=\"icon-box-text last-reset\">\n\t\t\t\t\t\t\t\t\t\n\t<div id=\"text-958739518\" class=\"text\">\n\t\t\n<h3>Kullan\u0131m K\u0131lavuzu<\/h3>\n\t\t\n<style>\n#text-958739518 {\n  line-height: 2.6;\n}\n<\/style>\n\t<\/div>\n\t\n\t\t<\/div>\n\t<\/div>\n\t<\/a>\n\t\n\t\t<\/div>\n\t\t\t\t\n<style>\n#col-524523659 > .col-inner {\n  border-radius: 27px;\n}\n<\/style>\n\t<\/div>\n\n\t\n<\/div>\n4 OHM Mono: RMS 2000 W<br \/>\n2 OHM Mono :RMS 3000 W<br \/>\n1 OHM Mono: RMS 4000 W<br \/>\nSinyal\/g\u00fcr\u00fclt\u00fc oran\u0131: 90 dB<br \/>\nD\u00fc\u015f\u00fck ge\u00e7i\u015f frekans crossover: 30 Hz-250Hz<br \/>\nSubsonic filtre: 10 Hz-60Hz<br \/>\nBass boost: 0-12 dB<br \/>\nBass boost frekans: 30 Hz-90Hz<br \/>\nFaz ge\u00e7i\u015f kontrol\u00fc: 0-180 derece<br \/>\nFrekans tepkisi: 10 Hz-350Hz<br \/>\nT.H.D @ 4 OHM, 100 Hz: % 0.1<br \/>\nVerimlilik: % 90<br \/>\nGiri\u015f hassasiyeti: 8V-20mV<br \/>\nKullan\u0131m voltaj\u0131 DC: 8.5V-18V<\/p>\n","protected":false},"excerpt":{"rendered":"<p>4 OHM Mono: RMS 2000 W<br \/>\n2 OHM Mono :RMS 3000 W<br \/>\n1 OHM Mono: RMS 4000 W<\/p>\n","protected":false},"featured_media":1056,"comment_status":"open","ping_status":"closed","template":"","meta":[],"product_brand":[],"product_cat":[202],"product_tag":[],"class_list":{"0":"post-1055","1":"product","2":"type-product","3":"status-publish","4":"has-post-thumbnail","6":"product_cat-arsiv","7":"pa_kanal-mono","8":"pa_seri-rs","9":"pa_sinif-d-class","10":"pa_tip-digital","12":"first","13":"instock","14":"taxable","15":"shipping-taxable","16":"product-type-simple"},"_links":{"self":[{"href":"https:\/\/www.reissaudio.com.tr\/index.php?rest_route=\/wp\/v2\/product\/1055","targetHints":{"allow":["GET"]}}],"collection":[{"href":"https:\/\/www.reissaudio.com.tr\/index.php?rest_route=\/wp\/v2\/product"}],"about":[{"href":"https:\/\/www.reissaudio.com.tr\/index.php?rest_route=\/wp\/v2\/types\/product"}],"replies":[{"embeddable":true,"href":"https:\/\/www.reissaudio.com.tr\/index.php?rest_route=%2Fwp%2Fv2%2Fcomments&post=1055"}],"wp:featuredmedia":[{"embeddable":true,"href":"https:\/\/www.reissaudio.com.tr\/index.php?rest_route=\/wp\/v2\/media\/1056"}],"wp:attachment":[{"href":"https:\/\/www.reissaudio.com.tr\/index.php?rest_route=%2Fwp%2Fv2%2Fmedia&parent=1055"}],"wp:term":[{"taxonomy":"product_brand","embeddable":true,"href":"https:\/\/www.reissaudio.com.tr\/index.php?rest_route=%2Fwp%2Fv2%2Fproduct_brand&post=1055"},{"taxonomy":"product_cat","embeddable":true,"href":"https:\/\/www.reissaudio.com.tr\/index.php?rest_route=%2Fwp%2Fv2%2Fproduct_cat&post=1055"},{"taxonomy":"product_tag","embeddable":true,"href":"https:\/\/www.reissaudio.com.tr\/index.php?rest_route=%2Fwp%2Fv2%2Fproduct_tag&post=1055"}],"curies":[{"name":"wp","href":"https:\/\/api.w.org\/{rel}","templated":true}]}}