{"id":1856,"date":"2023-01-11T07:35:51","date_gmt":"2023-01-11T07:35:51","guid":{"rendered":"https:\/\/www.reissaudio.com.tr\/?post_type=product&#038;p=1856"},"modified":"2023-05-08T07:27:12","modified_gmt":"2023-05-08T07:27:12","slug":"rs-ht4800-4d","status":"publish","type":"product","link":"https:\/\/www.reissaudio.com.tr\/?product=rs-ht4800-4d","title":{"rendered":"RS-HT4800.4D"},"content":{"rendered":"<div class=\"row\"  id=\"row-897295407\">\n\n\t<div id=\"col-639560804\" class=\"col small-12 large-12\"  data-animate=\"bounceIn\">\n\t\t\t\t<div class=\"col-inner box-shadow-3-hover\"  >\n\t\t\t\n\t\t\t\n\n\t<a class=\"plain\" href=\"https:\/\/reissaudio.com.tr\/wp-content\/uploads\/2019\/09\/RS-HT4800.4D.pdf\" target=\"_blank\" rel=\"noopener\" >\t<div class=\"icon-box featured-box icon-box-left text-left\"  style=\"margin:0px 0px 0px 15px;\">\n\t\t\t\t\t<div class=\"icon-box-img\" style=\"width: 30px\">\n\t\t\t\t<div class=\"icon\">\n\t\t\t\t\t<div class=\"icon-inner\" >\n\t\t\t\t\t\t<img loading=\"lazy\" decoding=\"async\" width=\"100\" height=\"123\" src=\"https:\/\/www.reissaudio.com.tr\/wp-content\/uploads\/2023\/01\/pdf-icon.webp\" class=\"attachment-medium size-medium\" alt=\"\" \/>\t\t\t\t\t<\/div>\n\t\t\t\t<\/div>\n\t\t\t<\/div>\n\t\t\t\t<div class=\"icon-box-text last-reset\">\n\t\t\t\t\t\t\t\t\t\n\t<div id=\"text-253972043\" class=\"text\">\n\t\t\n<h3>Kullan\u0131m K\u0131lavuzu<\/h3>\n\t\t\n<style>\n#text-253972043 {\n  line-height: 2.6;\n}\n<\/style>\n\t<\/div>\n\t\n\t\t<\/div>\n\t<\/div>\n\t<\/a>\n\t\n\t\t<\/div>\n\t\t\t\t\n<style>\n#col-639560804 > .col-inner {\n  border-radius: 27px;\n}\n<\/style>\n\t<\/div>\n\n\t\n<\/div>\nModel:\tRS-HT4800.4D<br \/>\nSINIF\tD<br \/>\nKANAL SAYISI\t4<br \/>\nFrekans tepkisi:\t10Hz-30KHz<br \/>\nMax G\u00fc\u00e7:<br \/>\n2 Ohm RMS G\u00dc\u00c7 (14.4V) KANAL BA\u015eINA\t4x170W<br \/>\n4 Ohm RMS G\u00dc\u00c7 (14.4V) KANAL BA\u015eINA\t4x100W<br \/>\n4 Ohm RMS K\u00d6PR\u00dcDE G\u00dc\u00c7 (14.4V) KANAL BA\u015eINA\t2X340W<br \/>\nGiri\u015f Hassasiyeti\t0.2-6V<br \/>\nS\u0130GORTA\t70A<br \/>\nS\u0130NYAL G\u00dcR\u00dcLT\u00dc ORANI\t>95dB<br \/>\nTHD:\t0.05%<\/p>\n","protected":false},"excerpt":{"rendered":"<p>4 KANAL CLASS D<br \/>\n120W x 4 @ 4 Ohm<br \/>\n190W x 4 @ 2 Ohm<br \/>\n360W x 2 @ Bridge 4 Ohm<\/p>\n","protected":false},"featured_media":2306,"comment_status":"open","ping_status":"closed","template":"","meta":[],"product_brand":[],"product_cat":[202],"product_tag":[],"class_list":{"0":"post-1856","1":"product","2":"type-product","3":"status-publish","4":"has-post-thumbnail","6":"product_cat-arsiv","8":"first","9":"instock","10":"taxable","11":"shipping-taxable","12":"product-type-simple"},"_links":{"self":[{"href":"https:\/\/www.reissaudio.com.tr\/index.php?rest_route=\/wp\/v2\/product\/1856","targetHints":{"allow":["GET"]}}],"collection":[{"href":"https:\/\/www.reissaudio.com.tr\/index.php?rest_route=\/wp\/v2\/product"}],"about":[{"href":"https:\/\/www.reissaudio.com.tr\/index.php?rest_route=\/wp\/v2\/types\/product"}],"replies":[{"embeddable":true,"href":"https:\/\/www.reissaudio.com.tr\/index.php?rest_route=%2Fwp%2Fv2%2Fcomments&post=1856"}],"wp:featuredmedia":[{"embeddable":true,"href":"https:\/\/www.reissaudio.com.tr\/index.php?rest_route=\/wp\/v2\/media\/2306"}],"wp:attachment":[{"href":"https:\/\/www.reissaudio.com.tr\/index.php?rest_route=%2Fwp%2Fv2%2Fmedia&parent=1856"}],"wp:term":[{"taxonomy":"product_brand","embeddable":true,"href":"https:\/\/www.reissaudio.com.tr\/index.php?rest_route=%2Fwp%2Fv2%2Fproduct_brand&post=1856"},{"taxonomy":"product_cat","embeddable":true,"href":"https:\/\/www.reissaudio.com.tr\/index.php?rest_route=%2Fwp%2Fv2%2Fproduct_cat&post=1856"},{"taxonomy":"product_tag","embeddable":true,"href":"https:\/\/www.reissaudio.com.tr\/index.php?rest_route=%2Fwp%2Fv2%2Fproduct_tag&post=1856"}],"curies":[{"name":"wp","href":"https:\/\/api.w.org\/{rel}","templated":true}]}}