{"id":1947,"date":"2023-01-11T08:07:13","date_gmt":"2023-01-11T08:07:13","guid":{"rendered":"http:\/\/www.reissaudio.com.tr\/?post_type=product&#038;p=1947"},"modified":"2026-01-30T14:59:51","modified_gmt":"2026-01-30T11:59:51","slug":"rs-dsp8-2","status":"publish","type":"product","link":"https:\/\/www.reissaudio.com.tr\/?product=rs-dsp8-2","title":{"rendered":"RS-DSP8 V2"},"content":{"rendered":"<div class=\"row\"  id=\"row-898160885\">\n\n\t<div id=\"col-950846029\" class=\"col small-12 large-12\"  data-animate=\"bounceIn\">\n\t\t\t\t<div class=\"col-inner box-shadow-3-hover\"  >\n\t\t\t\n\t\t\t\n\n\t<a class=\"plain\" href=\"https:\/\/reissaudio.com.tr\/wp-content\/uploads\/2019\/09\/RS-DSP8.pdf\" target=\"_blank\" rel=\"noopener\" >\t<div class=\"icon-box featured-box icon-box-left text-left\"  style=\"margin:0px 0px 0px 15px;\">\n\t\t\t\t\t<div class=\"icon-box-img\" style=\"width: 30px\">\n\t\t\t\t<div class=\"icon\">\n\t\t\t\t\t<div class=\"icon-inner\" >\n\t\t\t\t\t\t<img loading=\"lazy\" decoding=\"async\" width=\"100\" height=\"123\" src=\"https:\/\/www.reissaudio.com.tr\/wp-content\/uploads\/2023\/01\/pdf-icon.webp\" class=\"attachment-medium size-medium\" alt=\"\" \/>\t\t\t\t\t<\/div>\n\t\t\t\t<\/div>\n\t\t\t<\/div>\n\t\t\t\t<div class=\"icon-box-text last-reset\">\n\t\t\t\t\t\t\t\t\t\n\t<div id=\"text-150787416\" class=\"text\">\n\t\t\n<h3>Kullan\u0131m K\u0131lavuzu<\/h3>\n\t\t\n<style>\n#text-150787416 {\n  line-height: 2.6;\n}\n<\/style>\n\t<\/div>\n\t\n\t\t<\/div>\n\t<\/div>\n\t<\/a>\n\t\n\t\t<\/div>\n\t\t\t\t\n<style>\n#col-950846029 > .col-inner {\n  border-radius: 27px;\n}\n<\/style>\n\t<\/div>\n\n\t\n<\/div>\nDynamic Range(RCA Input) \u2265100dB<a class=\"submitduplicate duplication\" href=\"https:\/\/www.reissaudio.com.tr\/wp-admin\/edit.php?post_type=product&amp;action=duplicate_product&amp;post=1947&amp;_wpnonce=d74e46c7b5\">Yeni bir taslak kopyalay\u0131n<\/a><br \/>\nS\/N (RCA Input) \u226590dB<br \/>\nTHD \u22640.05%<br \/>\nFrequency Response 20Hz\uff5e20KHz<br \/>\nInput Impedance Hi level input\uff1a240\u03a9, Low level input\uff1a20K\u03a9<br \/>\nLow Level Output Impedance 51\u03a9<br \/>\nSignal Input &amp; Output Range RCA Input\uff1a7.5Vpp\uff1b High Level\uff1a26Vpp\uff1bRCA Output\uff1a7.5Vpp<br \/>\nWorking Temperature -30\uff5e70\u2103<br \/>\nPower DC 9V\uff5e16V<br \/>\nREM Input High Level Input Signal:H1+\/H1- or ACC control cable<br \/>\nREM Output +12V Start up Voltage Output<br \/>\nStandby Power \u22640.1W<br \/>\nGross Weight About 0.9kg<br \/>\nProduct Dimension 205(L) *130(W) *44(H)mm<\/p>\n","protected":false},"excerpt":{"rendered":"<p>8 CHANNEL<br \/>\nSOUND PROCESSOR<br \/>\nPC &amp; ANDROID CONTROL<\/p>\n<p>Windows Yaz\u0131l\u0131m \u0130\u00e7in : <a href=\"https:\/\/www.reissaudio.com.tr\/wp-content\/uploads\/2019\/09\/RS-DSP8-Software.rar\">indir<\/a><\/p>\n<p>Android Yaz\u0131l\u0131m \u0130\u00e7in : <a href=\"https:\/\/www.reissaudio.com.tr\/wp-content\/uploads\/2019\/09\/RS-DSP8-Andriod.zip\">\u0130ndir<\/a><\/p>\n","protected":false},"featured_media":2848,"comment_status":"open","ping_status":"closed","template":"","meta":[],"product_brand":[],"product_cat":[74],"product_tag":[],"class_list":{"0":"post-1947","1":"product","2":"type-product","3":"status-publish","4":"has-post-thumbnail","6":"product_cat-islemciler","8":"first","9":"instock","10":"taxable","11":"shipping-taxable","12":"product-type-simple"},"_links":{"self":[{"href":"https:\/\/www.reissaudio.com.tr\/index.php?rest_route=\/wp\/v2\/product\/1947","targetHints":{"allow":["GET"]}}],"collection":[{"href":"https:\/\/www.reissaudio.com.tr\/index.php?rest_route=\/wp\/v2\/product"}],"about":[{"href":"https:\/\/www.reissaudio.com.tr\/index.php?rest_route=\/wp\/v2\/types\/product"}],"replies":[{"embeddable":true,"href":"https:\/\/www.reissaudio.com.tr\/index.php?rest_route=%2Fwp%2Fv2%2Fcomments&post=1947"}],"wp:featuredmedia":[{"embeddable":true,"href":"https:\/\/www.reissaudio.com.tr\/index.php?rest_route=\/wp\/v2\/media\/2848"}],"wp:attachment":[{"href":"https:\/\/www.reissaudio.com.tr\/index.php?rest_route=%2Fwp%2Fv2%2Fmedia&parent=1947"}],"wp:term":[{"taxonomy":"product_brand","embeddable":true,"href":"https:\/\/www.reissaudio.com.tr\/index.php?rest_route=%2Fwp%2Fv2%2Fproduct_brand&post=1947"},{"taxonomy":"product_cat","embeddable":true,"href":"https:\/\/www.reissaudio.com.tr\/index.php?rest_route=%2Fwp%2Fv2%2Fproduct_cat&post=1947"},{"taxonomy":"product_tag","embeddable":true,"href":"https:\/\/www.reissaudio.com.tr\/index.php?rest_route=%2Fwp%2Fv2%2Fproduct_tag&post=1947"}],"curies":[{"name":"wp","href":"https:\/\/api.w.org\/{rel}","templated":true}]}}