{"id":1955,"date":"2023-01-11T08:10:19","date_gmt":"2023-01-11T08:10:19","guid":{"rendered":"http:\/\/www.reissaudio.com.tr\/?post_type=product&#038;p=1955"},"modified":"2026-04-15T15:02:16","modified_gmt":"2026-04-15T12:02:16","slug":"rs-b1","status":"publish","type":"product","link":"https:\/\/www.reissaudio.com.tr\/?product=rs-b1","title":{"rendered":"RS-B1"},"content":{"rendered":"<div class=\"row\"  id=\"row-13067626\">\n\n\t<div id=\"col-1832998586\" class=\"col small-12 large-12\"  data-animate=\"bounceIn\">\n\t\t\t\t<div class=\"col-inner box-shadow-3-hover\"  >\n\t\t\t\n\t\t\t\n\n\t<a class=\"plain\" href=\"https:\/\/www.reissaudio.com.tr\/wp-content\/uploads\/2026\/04\/bmwum.pdf\" >\t<div class=\"icon-box featured-box icon-box-left text-left\"  style=\"margin:0px 0px 0px 15px;\">\n\t\t\t\t\t<div class=\"icon-box-img\" style=\"width: 30px\">\n\t\t\t\t<div class=\"icon\">\n\t\t\t\t\t<div class=\"icon-inner\" >\n\t\t\t\t\t\t<img loading=\"lazy\" decoding=\"async\" width=\"100\" height=\"123\" src=\"https:\/\/www.reissaudio.com.tr\/wp-content\/uploads\/2023\/01\/pdf-icon.webp\" class=\"attachment-medium size-medium\" alt=\"\" \/>\t\t\t\t\t<\/div>\n\t\t\t\t<\/div>\n\t\t\t<\/div>\n\t\t\t\t<div class=\"icon-box-text last-reset\">\n\t\t\t\t\t\t\t\t\t\n\t<div id=\"text-1573147813\" class=\"text\">\n\t\t\n<h3>Kullan\u0131m K\u0131lavuzu<\/h3>\n\t\t\n<style>\n#text-1573147813 {\n  line-height: 2.6;\n}\n<\/style>\n\t<\/div>\n\t\n\t\t<\/div>\n\t<\/div>\n\t<\/a>\n\t\n\t\t<\/div>\n\t\t\t\t\n<style>\n#col-1832998586 > .col-inner {\n  border-radius: 27px;\n}\n<\/style>\n\t<\/div>\n\n\t\n<\/div>\n-20 CM SUBWOOFER<br \/>\n-100 WATTS \/ RMS 200 WATS MAX<br \/>\n\u2013 IMPEDANCE 4 OHM SPL 89 DB\/1W\/m<br \/>\n-FREQUENCY RESPONSE 30-300 Hz<br \/>\n-GLASS FIBER MEMBRANE<br \/>\n-DUAL NEODYMIUM MAGNET<br \/>\n-38MM VOICE COIL NOMEX SPIDER<\/p>\n","protected":false},"excerpt":{"rendered":"<p>Size 8 inch(20 cm)<br \/>\nBMW Sa\u011f ve Sol Koltuk Alt\u0131 Subwoofer Tak\u0131m\u0131<\/p>\n","protected":false},"featured_media":1956,"comment_status":"open","ping_status":"closed","template":"","meta":[],"product_brand":[],"product_cat":[72],"product_tag":[],"class_list":{"0":"post-1955","1":"product","2":"type-product","3":"status-publish","4":"has-post-thumbnail","6":"product_cat-subwooferlar","8":"first","9":"instock","10":"taxable","11":"shipping-taxable","12":"product-type-simple"},"_links":{"self":[{"href":"https:\/\/www.reissaudio.com.tr\/index.php?rest_route=\/wp\/v2\/product\/1955","targetHints":{"allow":["GET"]}}],"collection":[{"href":"https:\/\/www.reissaudio.com.tr\/index.php?rest_route=\/wp\/v2\/product"}],"about":[{"href":"https:\/\/www.reissaudio.com.tr\/index.php?rest_route=\/wp\/v2\/types\/product"}],"replies":[{"embeddable":true,"href":"https:\/\/www.reissaudio.com.tr\/index.php?rest_route=%2Fwp%2Fv2%2Fcomments&post=1955"}],"wp:featuredmedia":[{"embeddable":true,"href":"https:\/\/www.reissaudio.com.tr\/index.php?rest_route=\/wp\/v2\/media\/1956"}],"wp:attachment":[{"href":"https:\/\/www.reissaudio.com.tr\/index.php?rest_route=%2Fwp%2Fv2%2Fmedia&parent=1955"}],"wp:term":[{"taxonomy":"product_brand","embeddable":true,"href":"https:\/\/www.reissaudio.com.tr\/index.php?rest_route=%2Fwp%2Fv2%2Fproduct_brand&post=1955"},{"taxonomy":"product_cat","embeddable":true,"href":"https:\/\/www.reissaudio.com.tr\/index.php?rest_route=%2Fwp%2Fv2%2Fproduct_cat&post=1955"},{"taxonomy":"product_tag","embeddable":true,"href":"https:\/\/www.reissaudio.com.tr\/index.php?rest_route=%2Fwp%2Fv2%2Fproduct_tag&post=1955"}],"curies":[{"name":"wp","href":"https:\/\/api.w.org\/{rel}","templated":true}]}}