{"id":3518,"date":"2024-11-26T06:09:35","date_gmt":"2024-11-26T06:09:35","guid":{"rendered":"https:\/\/www.reissaudio.com.tr\/?post_type=product&#038;p=3518"},"modified":"2026-03-03T16:29:36","modified_gmt":"2026-03-03T13:29:36","slug":"rs-4dsp8","status":"publish","type":"product","link":"https:\/\/www.reissaudio.com.tr\/?product=rs-4dsp8","title":{"rendered":"RS-4DSP8"},"content":{"rendered":"<div class=\"row\"  id=\"row-2115144917\">\n\n\t<div id=\"col-1389799189\" class=\"col small-12 large-12\"  data-animate=\"bounceIn\">\n\t\t\t\t<div class=\"col-inner box-shadow-3-hover\"  >\n\t\t\t\n\t\t\t\n\n\t<a class=\"plain\" href=\"https:\/\/www.reissaudio.com.tr\/wp-content\/uploads\/2024\/11\/RS-4DSP8UM.pdf\" target=\"_blank\" rel=\"noopener\" >\t<div class=\"icon-box featured-box icon-box-left text-left\"  style=\"margin:0px 0px 0px 15px;\">\n\t\t\t\t\t<div class=\"icon-box-img\" style=\"width: 30px\">\n\t\t\t\t<div class=\"icon\">\n\t\t\t\t\t<div class=\"icon-inner\" >\n\t\t\t\t\t\t<img loading=\"lazy\" decoding=\"async\" width=\"100\" height=\"123\" src=\"https:\/\/www.reissaudio.com.tr\/wp-content\/uploads\/2023\/01\/pdf-icon.webp\" class=\"attachment-medium size-medium\" alt=\"\" \/>\t\t\t\t\t<\/div>\n\t\t\t\t<\/div>\n\t\t\t<\/div>\n\t\t\t\t<div class=\"icon-box-text last-reset\">\n\t\t\t\t\t\t\t\t\t\n\t<div id=\"text-4197803769\" class=\"text\">\n\t\t\n<h3>Kullan\u0131m K\u0131lavuzu<\/h3>\n\t\t\n<style>\n#text-4197803769 {\n  line-height: 2.6;\n}\n<\/style>\n\t<\/div>\n\t\n\t\t<\/div>\n\t<\/div>\n\t<\/a>\n\t\n\t\t<\/div>\n\t\t\t\t\n<style>\n#col-1389799189 > .col-inner {\n  border-radius: 27px;\n}\n<\/style>\n\t<\/div>\n\n\t\n<\/div>\n<p>USB AUDIO PLAYER<br \/>\n4CH Class AB Amplifier<br \/>\n4CH X 25 W Rms 4 Ohm<br \/>\n2 in 8 out Digital Signal Processor<br \/>\nActive X-Over \/ level \/ Time Delay \/ 31Band EQ<br \/>\nHigh level \/ RCS \/ BT \/ USB Signal Input<\/p>\n","protected":false},"excerpt":{"rendered":"<p>4 in 8 out Digital Signal Processor<\/p>\n<p><a href=\"https:\/\/www.reissaudio.com.tr\/wp-content\/uploads\/2024\/11\/RS-4DSP8PC.zip\"> PC Yaz\u0131l\u0131m \u0130ndir !<\/a><br \/>\n<a href=\"https:\/\/www.reissaudio.com.tr\/wp-content\/uploads\/2024\/11\/RS-4DSP8-Android-RV1.zip\"> Android Yaz\u0131l\u0131m \u0130ndir !<\/a><\/p>\n","protected":false},"featured_media":4063,"comment_status":"open","ping_status":"closed","template":"","meta":[],"product_brand":[],"product_cat":[74],"product_tag":[],"class_list":{"0":"post-3518","1":"product","2":"type-product","3":"status-publish","4":"has-post-thumbnail","6":"product_cat-islemciler","8":"first","9":"instock","10":"taxable","11":"shipping-taxable","12":"product-type-simple"},"_links":{"self":[{"href":"https:\/\/www.reissaudio.com.tr\/index.php?rest_route=\/wp\/v2\/product\/3518","targetHints":{"allow":["GET"]}}],"collection":[{"href":"https:\/\/www.reissaudio.com.tr\/index.php?rest_route=\/wp\/v2\/product"}],"about":[{"href":"https:\/\/www.reissaudio.com.tr\/index.php?rest_route=\/wp\/v2\/types\/product"}],"replies":[{"embeddable":true,"href":"https:\/\/www.reissaudio.com.tr\/index.php?rest_route=%2Fwp%2Fv2%2Fcomments&post=3518"}],"wp:featuredmedia":[{"embeddable":true,"href":"https:\/\/www.reissaudio.com.tr\/index.php?rest_route=\/wp\/v2\/media\/4063"}],"wp:attachment":[{"href":"https:\/\/www.reissaudio.com.tr\/index.php?rest_route=%2Fwp%2Fv2%2Fmedia&parent=3518"}],"wp:term":[{"taxonomy":"product_brand","embeddable":true,"href":"https:\/\/www.reissaudio.com.tr\/index.php?rest_route=%2Fwp%2Fv2%2Fproduct_brand&post=3518"},{"taxonomy":"product_cat","embeddable":true,"href":"https:\/\/www.reissaudio.com.tr\/index.php?rest_route=%2Fwp%2Fv2%2Fproduct_cat&post=3518"},{"taxonomy":"product_tag","embeddable":true,"href":"https:\/\/www.reissaudio.com.tr\/index.php?rest_route=%2Fwp%2Fv2%2Fproduct_tag&post=3518"}],"curies":[{"name":"wp","href":"https:\/\/api.w.org\/{rel}","templated":true}]}}