{"id":4070,"date":"2025-05-26T12:57:02","date_gmt":"2025-05-26T12:57:02","guid":{"rendered":"https:\/\/www.reissaudio.com.tr\/?post_type=product&#038;p=4070"},"modified":"2026-03-03T16:34:41","modified_gmt":"2026-03-03T13:34:41","slug":"rs-dsp6-100","status":"publish","type":"product","link":"https:\/\/www.reissaudio.com.tr\/?product=rs-dsp6-100","title":{"rendered":"RS-DSP6.100"},"content":{"rendered":"<div class=\"row\"  id=\"row-1909803584\">\n\n\t<div id=\"col-39996017\" class=\"col small-12 large-12\"  data-animate=\"bounceIn\">\n\t\t\t\t<div class=\"col-inner box-shadow-3-hover\"  >\n\t\t\t\n\t\t\t\n\n\t<a class=\"plain\" href=\"https:\/\/www.reissaudio.com.tr\/wp-content\/uploads\/2025\/05\/RS-DSP6.100-KK.pdf\" target=\"_blank\" rel=\"noopener\" >\t<div class=\"icon-box featured-box icon-box-left text-left\"  style=\"margin:0px 0px 0px 15px;\">\n\t\t\t\t\t<div class=\"icon-box-img\" style=\"width: 30px\">\n\t\t\t\t<div class=\"icon\">\n\t\t\t\t\t<div class=\"icon-inner\" >\n\t\t\t\t\t\t<img loading=\"lazy\" decoding=\"async\" width=\"100\" height=\"123\" src=\"https:\/\/www.reissaudio.com.tr\/wp-content\/uploads\/2023\/01\/pdf-icon.webp\" class=\"attachment-medium size-medium\" alt=\"\" \/>\t\t\t\t\t<\/div>\n\t\t\t\t<\/div>\n\t\t\t<\/div>\n\t\t\t\t<div class=\"icon-box-text last-reset\">\n\t\t\t\t\t\t\t\t\t\n\t<div id=\"text-792157643\" class=\"text\">\n\t\t\n<h3>Kullan\u0131m K\u0131lavuzu<\/h3>\n\t\t\n<style>\n#text-792157643 {\n  line-height: 2.6;\n}\n<\/style>\n\t<\/div>\n\t\n\t\t<\/div>\n\t<\/div>\n\t<\/a>\n\t\n\t\t<\/div>\n\t\t\t\t\n<style>\n#col-39996017 > .col-inner {\n  border-radius: 27px;\n}\n<\/style>\n\t<\/div>\n\n\t\n<\/div>\n<p>100W RMS @4 OHM x 6 CHANNEL<br \/>\n8 CHANNEL RCA OUTPUT<br \/>\n2 CHANNEL RCA AUX INPUT<br \/>\nBLUETOOTH \/ OTG IN \/ USB PLAYER \/OPT\u0130CAL\/H\u0130-LEVEL \/<br \/>\nREMOTE CONTROL<br \/>\nAMPL\u0130F\u0130ER\u00a0REM\u00a0OUT\u00a012V<\/p>\n","protected":false},"excerpt":{"rendered":"<p>100W RMS @4 OHM x 6 CHANNEL<br \/>\n8 CHANNEL RCA OUTPUT<br \/>\n2 CHANNEL RCA AUX INPUT<br \/>\nBLUETOOTH \/ OTG IN \/ USB PLAYER \/OPT\u0130CAL\/H\u0130-LEVEL \/<br \/>\nREMOTE CONTROL<br \/>\nAMPL\u0130F\u0130ER\u00a0REM\u00a0OUT\u00a012V<\/p>\n<p>Android Yaz\u0131l\u0131m \u0130\u00e7in : <a href=\"https:\/\/u8982340@reissaudio.com.tr\/RFTP\/6100.rar\">indir<\/a><\/p>\n<p>Windows Yaz\u0131l\u0131m \u0130\u00e7in : <a href=\"https:\/\/reissaudio.com.tr\/RFTP\/RSDSP6100.zip\">\u0130ndir<\/a><\/p>\n","protected":false},"featured_media":4071,"comment_status":"open","ping_status":"closed","template":"","meta":[],"product_brand":[],"product_cat":[74],"product_tag":[],"class_list":{"0":"post-4070","1":"product","2":"type-product","3":"status-publish","4":"has-post-thumbnail","6":"product_cat-islemciler","8":"first","9":"instock","10":"taxable","11":"shipping-taxable","12":"product-type-simple"},"_links":{"self":[{"href":"https:\/\/www.reissaudio.com.tr\/index.php?rest_route=\/wp\/v2\/product\/4070","targetHints":{"allow":["GET"]}}],"collection":[{"href":"https:\/\/www.reissaudio.com.tr\/index.php?rest_route=\/wp\/v2\/product"}],"about":[{"href":"https:\/\/www.reissaudio.com.tr\/index.php?rest_route=\/wp\/v2\/types\/product"}],"replies":[{"embeddable":true,"href":"https:\/\/www.reissaudio.com.tr\/index.php?rest_route=%2Fwp%2Fv2%2Fcomments&post=4070"}],"wp:featuredmedia":[{"embeddable":true,"href":"https:\/\/www.reissaudio.com.tr\/index.php?rest_route=\/wp\/v2\/media\/4071"}],"wp:attachment":[{"href":"https:\/\/www.reissaudio.com.tr\/index.php?rest_route=%2Fwp%2Fv2%2Fmedia&parent=4070"}],"wp:term":[{"taxonomy":"product_brand","embeddable":true,"href":"https:\/\/www.reissaudio.com.tr\/index.php?rest_route=%2Fwp%2Fv2%2Fproduct_brand&post=4070"},{"taxonomy":"product_cat","embeddable":true,"href":"https:\/\/www.reissaudio.com.tr\/index.php?rest_route=%2Fwp%2Fv2%2Fproduct_cat&post=4070"},{"taxonomy":"product_tag","embeddable":true,"href":"https:\/\/www.reissaudio.com.tr\/index.php?rest_route=%2Fwp%2Fv2%2Fproduct_tag&post=4070"}],"curies":[{"name":"wp","href":"https:\/\/api.w.org\/{rel}","templated":true}]}}