{"id":469,"date":"2019-08-20T13:13:48","date_gmt":"2019-08-20T13:13:48","guid":{"rendered":"http:\/\/www.reissaudio.site\/?post_type=product&#038;p=469"},"modified":"2023-01-31T06:44:54","modified_gmt":"2023-01-31T06:44:54","slug":"mb12","status":"publish","type":"product","link":"https:\/\/www.reissaudio.com.tr\/?product=mb12","title":{"rendered":"MB12"},"content":{"rendered":"<p>30 CM Bass KAB\u0130N \u0130\u00e7in korumalik<\/p>\n","protected":false},"excerpt":{"rendered":"<p>30 CM Bass KAB\u0130N \u0130\u00e7in korumalik<\/p>\n","protected":false},"featured_media":470,"comment_status":"open","ping_status":"closed","template":"","meta":[],"product_brand":[],"product_cat":[71],"product_tag":[],"class_list":{"0":"post-469","1":"product","2":"type-product","3":"status-publish","4":"has-post-thumbnail","6":"product_cat-aksesuar","7":"pa_boyut-30-cm","9":"first","10":"instock","11":"taxable","12":"shipping-taxable","13":"product-type-simple"},"_links":{"self":[{"href":"https:\/\/www.reissaudio.com.tr\/index.php?rest_route=\/wp\/v2\/product\/469","targetHints":{"allow":["GET"]}}],"collection":[{"href":"https:\/\/www.reissaudio.com.tr\/index.php?rest_route=\/wp\/v2\/product"}],"about":[{"href":"https:\/\/www.reissaudio.com.tr\/index.php?rest_route=\/wp\/v2\/types\/product"}],"replies":[{"embeddable":true,"href":"https:\/\/www.reissaudio.com.tr\/index.php?rest_route=%2Fwp%2Fv2%2Fcomments&post=469"}],"wp:featuredmedia":[{"embeddable":true,"href":"https:\/\/www.reissaudio.com.tr\/index.php?rest_route=\/wp\/v2\/media\/470"}],"wp:attachment":[{"href":"https:\/\/www.reissaudio.com.tr\/index.php?rest_route=%2Fwp%2Fv2%2Fmedia&parent=469"}],"wp:term":[{"taxonomy":"product_brand","embeddable":true,"href":"https:\/\/www.reissaudio.com.tr\/index.php?rest_route=%2Fwp%2Fv2%2Fproduct_brand&post=469"},{"taxonomy":"product_cat","embeddable":true,"href":"https:\/\/www.reissaudio.com.tr\/index.php?rest_route=%2Fwp%2Fv2%2Fproduct_cat&post=469"},{"taxonomy":"product_tag","embeddable":true,"href":"https:\/\/www.reissaudio.com.tr\/index.php?rest_route=%2Fwp%2Fv2%2Fproduct_tag&post=469"}],"curies":[{"name":"wp","href":"https:\/\/api.w.org\/{rel}","templated":true}]}}