{"id":908,"date":"2019-09-01T07:41:23","date_gmt":"2019-09-01T07:41:23","guid":{"rendered":"http:\/\/www.reissaudio.site\/?post_type=product&#038;p=908"},"modified":"2023-01-31T06:59:10","modified_gmt":"2023-01-31T06:59:10","slug":"rs-8dsp6","status":"publish","type":"product","link":"https:\/\/www.reissaudio.com.tr\/?product=rs-8dsp6","title":{"rendered":"RS-8DSP6"},"content":{"rendered":"<p>\u20226 CH AMP + 8 CH DSP<\/p>\n<p>\u2022Rated Power output in 4 Ohms:6x70w<\/p>\n<p>\u2022Rated Power output in 2 Ohms:6x105w<\/p>\n<p>\u2022Bridged Power output in 4 Ohms:3X150W<\/p>\n<p>\u2022Frequency Range:20Hz-20Khz<\/p>\n<p>\u2022Low input Level:200MV-SV<\/p>\n<p>\u2022S\/N (A-weight):&gt;100dB<\/p>\n<p>\u2022THD:&lt;0.1%<\/p>\n<p>\u2022Bluetooth<\/p>\n<p>\u2022Input Sensivity:0.3-6v<\/p>\n<p>&nbsp;<\/p>\n<p><a href=\"https:\/\/yadi.sk\/d\/ALH4VhTnAqybnQ\">YAZILIM \u0130\u00c7\u0130N TIKLAYINIZ.<\/a><\/p>\n","protected":false},"excerpt":{"rendered":"<p>\u20226 CH AMP + 8 CH DSP<\/p>\n","protected":false},"featured_media":910,"comment_status":"open","ping_status":"closed","template":"","meta":[],"product_brand":[],"product_cat":[202],"product_tag":[],"class_list":{"0":"post-908","1":"product","2":"type-product","3":"status-publish","4":"has-post-thumbnail","6":"product_cat-arsiv","7":"pa_seri-dsp","9":"first","10":"instock","11":"taxable","12":"shipping-taxable","13":"product-type-simple"},"_links":{"self":[{"href":"https:\/\/www.reissaudio.com.tr\/index.php?rest_route=\/wp\/v2\/product\/908","targetHints":{"allow":["GET"]}}],"collection":[{"href":"https:\/\/www.reissaudio.com.tr\/index.php?rest_route=\/wp\/v2\/product"}],"about":[{"href":"https:\/\/www.reissaudio.com.tr\/index.php?rest_route=\/wp\/v2\/types\/product"}],"replies":[{"embeddable":true,"href":"https:\/\/www.reissaudio.com.tr\/index.php?rest_route=%2Fwp%2Fv2%2Fcomments&post=908"}],"wp:featuredmedia":[{"embeddable":true,"href":"https:\/\/www.reissaudio.com.tr\/index.php?rest_route=\/wp\/v2\/media\/910"}],"wp:attachment":[{"href":"https:\/\/www.reissaudio.com.tr\/index.php?rest_route=%2Fwp%2Fv2%2Fmedia&parent=908"}],"wp:term":[{"taxonomy":"product_brand","embeddable":true,"href":"https:\/\/www.reissaudio.com.tr\/index.php?rest_route=%2Fwp%2Fv2%2Fproduct_brand&post=908"},{"taxonomy":"product_cat","embeddable":true,"href":"https:\/\/www.reissaudio.com.tr\/index.php?rest_route=%2Fwp%2Fv2%2Fproduct_cat&post=908"},{"taxonomy":"product_tag","embeddable":true,"href":"https:\/\/www.reissaudio.com.tr\/index.php?rest_route=%2Fwp%2Fv2%2Fproduct_tag&post=908"}],"curies":[{"name":"wp","href":"https:\/\/api.w.org\/{rel}","templated":true}]}}