{"id":912,"date":"2019-09-01T07:43:33","date_gmt":"2019-09-01T07:43:33","guid":{"rendered":"http:\/\/www.reissaudio.site\/?post_type=product&#038;p=912"},"modified":"2023-02-09T12:22:10","modified_gmt":"2023-02-09T12:22:10","slug":"rs-dsp8","status":"publish","type":"product","link":"https:\/\/www.reissaudio.com.tr\/?product=rs-dsp8","title":{"rendered":"RS-DSP8"},"content":{"rendered":"<p>\u20228 CH DSP<\/p>\n<p>\u202232bit\/192Khz high-speed digital audio signal processor<\/p>\n<p>\u2022EQ: CH A to F with 31 bands EQ: G,H with sperated 11 bands EQ<\/p>\n<p>hi-low avaible input<\/p>\n<p>\u2022Signal Output: 8 channels low level out put (maximum in 4v)<\/p>\n<p>\u2022Auto turn on\/off: Without connecting REM power supply or level<\/p>\n<p>control output, automatically turn on amplifier when high level input<\/p>\n<p>signal detected.<\/p>\n<p>\u2022Crossover: High\/Low\/band pass filter. -6-12-18-24-30-36-42-48 dB slope<\/p>\n<p>\u2022Volume Control: Gain control for each channel in GUI, volume control,<\/p>\n<p>and sub volume control on remotre.<\/p>\n<p>\u202210 sets configurations could be stored and selected with remote.<\/p>\n<p>&nbsp;<\/p>\n<p><a href=\"https:\/\/yadi.sk\/d\/9l2el5yh1KCRmg\">YAZILIM \u0130\u00c7\u0130N TIKLAYINIZ.<\/a><\/p>\n","protected":false},"excerpt":{"rendered":"<p>8 CH DSP<\/p>\n","protected":false},"featured_media":913,"comment_status":"open","ping_status":"closed","template":"","meta":[],"product_brand":[],"product_cat":[202],"product_tag":[],"class_list":{"0":"post-912","1":"product","2":"type-product","3":"status-publish","4":"has-post-thumbnail","6":"product_cat-arsiv","7":"pa_seri-dsp","9":"first","10":"instock","11":"taxable","12":"shipping-taxable","13":"product-type-simple"},"_links":{"self":[{"href":"https:\/\/www.reissaudio.com.tr\/index.php?rest_route=\/wp\/v2\/product\/912","targetHints":{"allow":["GET"]}}],"collection":[{"href":"https:\/\/www.reissaudio.com.tr\/index.php?rest_route=\/wp\/v2\/product"}],"about":[{"href":"https:\/\/www.reissaudio.com.tr\/index.php?rest_route=\/wp\/v2\/types\/product"}],"replies":[{"embeddable":true,"href":"https:\/\/www.reissaudio.com.tr\/index.php?rest_route=%2Fwp%2Fv2%2Fcomments&post=912"}],"wp:featuredmedia":[{"embeddable":true,"href":"https:\/\/www.reissaudio.com.tr\/index.php?rest_route=\/wp\/v2\/media\/913"}],"wp:attachment":[{"href":"https:\/\/www.reissaudio.com.tr\/index.php?rest_route=%2Fwp%2Fv2%2Fmedia&parent=912"}],"wp:term":[{"taxonomy":"product_brand","embeddable":true,"href":"https:\/\/www.reissaudio.com.tr\/index.php?rest_route=%2Fwp%2Fv2%2Fproduct_brand&post=912"},{"taxonomy":"product_cat","embeddable":true,"href":"https:\/\/www.reissaudio.com.tr\/index.php?rest_route=%2Fwp%2Fv2%2Fproduct_cat&post=912"},{"taxonomy":"product_tag","embeddable":true,"href":"https:\/\/www.reissaudio.com.tr\/index.php?rest_route=%2Fwp%2Fv2%2Fproduct_tag&post=912"}],"curies":[{"name":"wp","href":"https:\/\/api.w.org\/{rel}","templated":true}]}}